{"id":236,"date":"2022-09-30T14:24:54","date_gmt":"2022-09-30T19:24:54","guid":{"rendered":"https:\/\/marketing.fazzcol.com\/?page_id=236"},"modified":"2022-09-30T14:24:54","modified_gmt":"2022-09-30T19:24:54","slug":"marketing","status":"publish","type":"page","link":"https:\/\/marketing.fazzcol.com\/beatriz-cifuente\/","title":{"rendered":"marketing"},"content":{"rendered":"\t\t<div data-elementor-type=\"wp-page\" data-elementor-id=\"236\" class=\"elementor elementor-236\">\n\t\t\t\t\t\t\t\t\t<section class=\"elementor-section elementor-top-section elementor-element elementor-element-314ae2d elementor-section-full_width elementor-section-height-default elementor-section-height-default\" data-id=\"314ae2d\" data-element_type=\"section\" data-settings=\"{&quot;background_background&quot;:&quot;classic&quot;}\">\n\t\t\t\t\t\t<div class=\"elementor-container elementor-column-gap-default\">\n\t\t\t\t\t<div class=\"elementor-column elementor-col-100 elementor-top-column elementor-element elementor-element-2d5fdac\" data-id=\"2d5fdac\" data-element_type=\"column\">\n\t\t\t<div class=\"elementor-widget-wrap elementor-element-populated\">\n\t\t\t\t\t\t\t\t<div class=\"elementor-element elementor-element-430e333 elementor-widget elementor-widget-heading\" data-id=\"430e333\" data-element_type=\"widget\" data-widget_type=\"heading.default\">\n\t\t\t\t<div class=\"elementor-widget-container\">\n\t\t\t<style>\/*! elementor - v3.15.0 - 02-08-2023 *\/\n.elementor-heading-title{padding:0;margin:0;line-height:1}.elementor-widget-heading .elementor-heading-title[class*=elementor-size-]>a{color:inherit;font-size:inherit;line-height:inherit}.elementor-widget-heading .elementor-heading-title.elementor-size-small{font-size:15px}.elementor-widget-heading .elementor-heading-title.elementor-size-medium{font-size:19px}.elementor-widget-heading .elementor-heading-title.elementor-size-large{font-size:29px}.elementor-widget-heading .elementor-heading-title.elementor-size-xl{font-size:39px}.elementor-widget-heading .elementor-heading-title.elementor-size-xxl{font-size:59px}<\/style><h2 class=\"elementor-heading-title elementor-size-default\">Deseas montar un negocio sin riesgos y muchos beneficios... atento a lo siguiente...<\/h2>\t\t<\/div>\n\t\t\t\t<\/div>\n\t\t\t\t\t<\/div>\n\t\t<\/div>\n\t\t\t\t\t\t\t<\/div>\n\t\t<\/section>\n\t\t\t\t<section class=\"elementor-section elementor-top-section elementor-element elementor-element-4830fdc elementor-section-height-full elementor-section-full_width elementor-section-content-top elementor-section-height-default elementor-section-items-middle\" data-id=\"4830fdc\" data-element_type=\"section\" data-settings=\"{&quot;background_background&quot;:&quot;slideshow&quot;,&quot;background_slideshow_gallery&quot;:[{&quot;id&quot;:666,&quot;url&quot;:&quot;http:\\\/\\\/marketing.fazzcol.com\\\/wp-content\\\/uploads\\\/2023\\\/06\\\/post-clickconvert-01-1-scaled.jpg&quot;}],&quot;background_slideshow_loop&quot;:&quot;yes&quot;,&quot;background_slideshow_slide_duration&quot;:5000,&quot;background_slideshow_slide_transition&quot;:&quot;fade&quot;,&quot;background_slideshow_transition_duration&quot;:500}\">\n\t\t\t\t\t\t<div class=\"elementor-container elementor-column-gap-default\">\n\t\t\t\t\t<div class=\"elementor-column elementor-col-100 elementor-top-column elementor-element elementor-element-5a9b2de\" data-id=\"5a9b2de\" data-element_type=\"column\" data-settings=\"{&quot;background_background&quot;:&quot;classic&quot;}\">\n\t\t\t<div class=\"elementor-widget-wrap elementor-element-populated\">\n\t\t\t\t\t\t\t\t<div class=\"elementor-element elementor-element-7849014 elementor-widget elementor-widget-text-editor\" data-id=\"7849014\" data-element_type=\"widget\" data-widget_type=\"text-editor.default\">\n\t\t\t\t<div class=\"elementor-widget-container\">\n\t\t\t<style>\/*! elementor - v3.15.0 - 02-08-2023 *\/\n.elementor-widget-text-editor.elementor-drop-cap-view-stacked .elementor-drop-cap{background-color:#69727d;color:#fff}.elementor-widget-text-editor.elementor-drop-cap-view-framed .elementor-drop-cap{color:#69727d;border:3px solid;background-color:transparent}.elementor-widget-text-editor:not(.elementor-drop-cap-view-default) .elementor-drop-cap{margin-top:8px}.elementor-widget-text-editor:not(.elementor-drop-cap-view-default) .elementor-drop-cap-letter{width:1em;height:1em}.elementor-widget-text-editor .elementor-drop-cap{float:left;text-align:center;line-height:1;font-size:50px}.elementor-widget-text-editor .elementor-drop-cap-letter{display:inline-block}<\/style>\t\t\t\t<p>\u00a0<\/p><p>\u00a0<\/p><p>\u00a0<\/p><p>\u00a0<\/p><p>\u00a0<\/p>\t\t\t\t\t\t<\/div>\n\t\t\t\t<\/div>\n\t\t\t\t\t<\/div>\n\t\t<\/div>\n\t\t\t\t\t\t\t<\/div>\n\t\t<\/section>\n\t\t\t\t<section class=\"elementor-section elementor-top-section elementor-element elementor-element-cb57b66 elementor-section-boxed elementor-section-height-default elementor-section-height-default\" data-id=\"cb57b66\" data-element_type=\"section\">\n\t\t\t\t\t\t<div class=\"elementor-container elementor-column-gap-default\">\n\t\t\t\t\t<div class=\"elementor-column elementor-col-100 elementor-top-column elementor-element elementor-element-bfac643\" data-id=\"bfac643\" data-element_type=\"column\">\n\t\t\t<div class=\"elementor-widget-wrap elementor-element-populated\">\n\t\t\t\t\t\t\t\t<div class=\"elementor-element elementor-element-a7e38ba elementor-widget elementor-widget-spacer\" data-id=\"a7e38ba\" data-element_type=\"widget\" data-widget_type=\"spacer.default\">\n\t\t\t\t<div class=\"elementor-widget-container\">\n\t\t\t<style>\/*! elementor - v3.15.0 - 02-08-2023 *\/\n.elementor-column .elementor-spacer-inner{height:var(--spacer-size)}.e-con{--container-widget-width:100%}.e-con-inner>.elementor-widget-spacer,.e-con>.elementor-widget-spacer{width:var(--container-widget-width,var(--spacer-size));--align-self:var(--container-widget-align-self,initial);--flex-shrink:0}.e-con-inner>.elementor-widget-spacer>.elementor-widget-container,.e-con-inner>.elementor-widget-spacer>.elementor-widget-container>.elementor-spacer,.e-con>.elementor-widget-spacer>.elementor-widget-container,.e-con>.elementor-widget-spacer>.elementor-widget-container>.elementor-spacer{height:100%}.e-con-inner>.elementor-widget-spacer>.elementor-widget-container>.elementor-spacer>.elementor-spacer-inner,.e-con>.elementor-widget-spacer>.elementor-widget-container>.elementor-spacer>.elementor-spacer-inner{height:var(--container-widget-height,var(--spacer-size))}<\/style>\t\t<div class=\"elementor-spacer\">\n\t\t\t<div class=\"elementor-spacer-inner\"><\/div>\n\t\t<\/div>\n\t\t\t\t<\/div>\n\t\t\t\t<\/div>\n\t\t\t\t\t<\/div>\n\t\t<\/div>\n\t\t\t\t\t\t\t<\/div>\n\t\t<\/section>\n\t\t\t\t<section class=\"elementor-section elementor-top-section elementor-element elementor-element-fdaae6a elementor-section-boxed elementor-section-height-default elementor-section-height-default\" data-id=\"fdaae6a\" data-element_type=\"section\" data-settings=\"{&quot;background_background&quot;:&quot;slideshow&quot;,&quot;background_slideshow_gallery&quot;:[],&quot;background_slideshow_loop&quot;:&quot;yes&quot;,&quot;background_slideshow_slide_duration&quot;:5000,&quot;background_slideshow_slide_transition&quot;:&quot;fade&quot;,&quot;background_slideshow_transition_duration&quot;:500}\">\n\t\t\t\t\t\t<div class=\"elementor-container elementor-column-gap-default\">\n\t\t\t\t\t<div class=\"elementor-column elementor-col-20 elementor-top-column elementor-element elementor-element-121783b\" data-id=\"121783b\" data-element_type=\"column\">\n\t\t\t<div class=\"elementor-widget-wrap elementor-element-populated\">\n\t\t\t\t\t\t\t\t<div class=\"elementor-element elementor-element-273d59e elementor-widget elementor-widget-image\" data-id=\"273d59e\" data-element_type=\"widget\" data-widget_type=\"image.default\">\n\t\t\t\t<div class=\"elementor-widget-container\">\n\t\t\t<style>\/*! elementor - v3.15.0 - 02-08-2023 *\/\n.elementor-widget-image{text-align:center}.elementor-widget-image a{display:inline-block}.elementor-widget-image a img[src$=\".svg\"]{width:48px}.elementor-widget-image img{vertical-align:middle;display:inline-block}<\/style>\t\t\t\t\t\t\t\t\t\t\t\t<img width=\"750\" height=\"447\" src=\"https:\/\/marketing.fazzcol.com\/beatriz-cifuente\/wp-content\/uploads\/sites\/181\/2023\/05\/post-clickconvert-OTRO-01-1024x610.jpg\" class=\"attachment-large size-large wp-image-603\" alt=\"\" loading=\"lazy\" srcset=\"https:\/\/marketing.fazzcol.com\/beatriz-cifuente\/wp-content\/uploads\/sites\/181\/2023\/05\/post-clickconvert-OTRO-01-1024x610.jpg 1024w, https:\/\/marketing.fazzcol.com\/beatriz-cifuente\/wp-content\/uploads\/sites\/181\/2023\/05\/post-clickconvert-OTRO-01-300x179.jpg 300w, https:\/\/marketing.fazzcol.com\/beatriz-cifuente\/wp-content\/uploads\/sites\/181\/2023\/05\/post-clickconvert-OTRO-01-768x457.jpg 768w, https:\/\/marketing.fazzcol.com\/beatriz-cifuente\/wp-content\/uploads\/sites\/181\/2023\/05\/post-clickconvert-OTRO-01-1536x915.jpg 1536w, https:\/\/marketing.fazzcol.com\/beatriz-cifuente\/wp-content\/uploads\/sites\/181\/2023\/05\/post-clickconvert-OTRO-01-1568x934.jpg 1568w, https:\/\/marketing.fazzcol.com\/beatriz-cifuente\/wp-content\/uploads\/sites\/181\/2023\/05\/post-clickconvert-OTRO-01.jpg 1750w\" sizes=\"(max-width: 750px) 100vw, 750px\" style=\"width:100%;height:59.54%;max-width:1750px\" \/>\t\t\t\t\t\t\t\t\t\t\t\t\t\t\t<\/div>\n\t\t\t\t<\/div>\n\t\t\t\t\t<\/div>\n\t\t<\/div>\n\t\t\t\t<div class=\"elementor-column elementor-col-20 elementor-top-column elementor-element elementor-element-973a52f\" data-id=\"973a52f\" data-element_type=\"column\">\n\t\t\t<div class=\"elementor-widget-wrap elementor-element-populated\">\n\t\t\t\t\t\t\t\t<div class=\"elementor-element elementor-element-9a5c803 elementor-widget elementor-widget-image\" data-id=\"9a5c803\" data-element_type=\"widget\" data-widget_type=\"image.default\">\n\t\t\t\t<div class=\"elementor-widget-container\">\n\t\t\t\t\t\t\t\t\t\t\t\t\t\t\t<img src=\"https:\/\/marketing.fazzcol.com\/beatriz-cifuente\/wp-content\/uploads\/sites\/181\/2022\/10\/Diseno-sin-titulo-4-min.png\" title=\"Dise\u00f1o sin t\u00edtulo (4)-min\" alt=\"Dise\u00f1o sin t\u00edtulo (4)-min\" loading=\"lazy\" \/>\t\t\t\t\t\t\t\t\t\t\t\t\t\t\t<\/div>\n\t\t\t\t<\/div>\n\t\t\t\t<div class=\"elementor-element elementor-element-01f4188 elementor-widget elementor-widget-text-editor\" data-id=\"01f4188\" data-element_type=\"widget\" data-widget_type=\"text-editor.default\">\n\t\t\t\t<div class=\"elementor-widget-container\">\n\t\t\t\t\t\t\t<p style=\"text-align: center;\"><span style=\"color: #000000;\">Tutorial N\u00b0 1<\/span><\/p><div style=\"text-align: center;\">\u00bfQu\u00e9 pasa con tu dinero?<\/div>\t\t\t\t\t\t<\/div>\n\t\t\t\t<\/div>\n\t\t\t\t\t<\/div>\n\t\t<\/div>\n\t\t\t\t<div class=\"elementor-column elementor-col-20 elementor-top-column elementor-element elementor-element-a6b12c4\" data-id=\"a6b12c4\" data-element_type=\"column\">\n\t\t\t<div class=\"elementor-widget-wrap elementor-element-populated\">\n\t\t\t\t\t\t\t\t<div class=\"elementor-element elementor-element-211e114 elementor-widget elementor-widget-image\" data-id=\"211e114\" data-element_type=\"widget\" data-widget_type=\"image.default\">\n\t\t\t\t<div class=\"elementor-widget-container\">\n\t\t\t\t\t\t\t\t\t\t\t\t\t\t\t<img width=\"700\" height=\"489\" src=\"https:\/\/marketing.fazzcol.com\/beatriz-cifuente\/wp-content\/uploads\/sites\/181\/2022\/10\/Diseno-sin-titulo-5-min.png\" class=\"attachment-full size-full wp-image-443\" alt=\"\" loading=\"lazy\" srcset=\"https:\/\/marketing.fazzcol.com\/beatriz-cifuente\/wp-content\/uploads\/sites\/181\/2022\/10\/Diseno-sin-titulo-5-min.png 700w, https:\/\/marketing.fazzcol.com\/beatriz-cifuente\/wp-content\/uploads\/sites\/181\/2022\/10\/Diseno-sin-titulo-5-min-300x210.png 300w\" sizes=\"(max-width: 700px) 100vw, 700px\" style=\"width:100%;height:69.86%;max-width:700px\" \/>\t\t\t\t\t\t\t\t\t\t\t\t\t\t\t<\/div>\n\t\t\t\t<\/div>\n\t\t\t\t<div class=\"elementor-element elementor-element-8c8f80b elementor-widget elementor-widget-text-editor\" data-id=\"8c8f80b\" data-element_type=\"widget\" data-widget_type=\"text-editor.default\">\n\t\t\t\t<div class=\"elementor-widget-container\">\n\t\t\t\t\t\t\t<p style=\"text-align: center;\"><span style=\"color: #000000;\">Tutorial\u00a0 N\u00b02 Trabajar desde casa\u00a0<\/span><\/p>\t\t\t\t\t\t<\/div>\n\t\t\t\t<\/div>\n\t\t\t\t\t<\/div>\n\t\t<\/div>\n\t\t\t\t<div class=\"elementor-column elementor-col-20 elementor-top-column elementor-element elementor-element-5fb7ead\" data-id=\"5fb7ead\" data-element_type=\"column\">\n\t\t\t<div class=\"elementor-widget-wrap elementor-element-populated\">\n\t\t\t\t\t\t\t\t<div class=\"elementor-element elementor-element-edec3a2 elementor-widget elementor-widget-image\" data-id=\"edec3a2\" data-element_type=\"widget\" data-widget_type=\"image.default\">\n\t\t\t\t<div class=\"elementor-widget-container\">\n\t\t\t\t\t\t\t\t\t\t\t\t\t\t\t<img width=\"700\" height=\"489\" src=\"https:\/\/marketing.fazzcol.com\/beatriz-cifuente\/wp-content\/uploads\/sites\/181\/2022\/10\/Diseno-sin-titulo-7-min.png\" class=\"attachment-full size-full wp-image-444\" alt=\"\" loading=\"lazy\" srcset=\"https:\/\/marketing.fazzcol.com\/beatriz-cifuente\/wp-content\/uploads\/sites\/181\/2022\/10\/Diseno-sin-titulo-7-min.png 700w, https:\/\/marketing.fazzcol.com\/beatriz-cifuente\/wp-content\/uploads\/sites\/181\/2022\/10\/Diseno-sin-titulo-7-min-300x210.png 300w\" sizes=\"(max-width: 700px) 100vw, 700px\" style=\"width:100%;height:69.86%;max-width:700px\" \/>\t\t\t\t\t\t\t\t\t\t\t\t\t\t\t<\/div>\n\t\t\t\t<\/div>\n\t\t\t\t<div class=\"elementor-element elementor-element-fefb5bf elementor-widget elementor-widget-text-editor\" data-id=\"fefb5bf\" data-element_type=\"widget\" data-widget_type=\"text-editor.default\">\n\t\t\t\t<div class=\"elementor-widget-container\">\n\t\t\t\t\t\t\t<p style=\"text-align: center;\"><span style=\"color: #000000;\">Tutotorial N\u00b03-4<\/span><\/p><p style=\"text-align: center;\"><span style=\"color: #000000;\">Legalidad\u00a0<\/span><\/p>\t\t\t\t\t\t<\/div>\n\t\t\t\t<\/div>\n\t\t\t\t\t<\/div>\n\t\t<\/div>\n\t\t\t\t<div class=\"elementor-column elementor-col-20 elementor-top-column elementor-element elementor-element-36a3f79\" data-id=\"36a3f79\" data-element_type=\"column\">\n\t\t\t<div class=\"elementor-widget-wrap elementor-element-populated\">\n\t\t\t\t\t\t\t\t<div class=\"elementor-element elementor-element-4d739ef elementor-widget elementor-widget-image\" data-id=\"4d739ef\" data-element_type=\"widget\" data-widget_type=\"image.default\">\n\t\t\t\t<div class=\"elementor-widget-container\">\n\t\t\t\t\t\t\t\t\t\t\t\t\t\t\t<img width=\"700\" height=\"489\" src=\"https:\/\/marketing.fazzcol.com\/beatriz-cifuente\/wp-content\/uploads\/sites\/181\/2022\/10\/Diseno-sin-titulo-9.png\" class=\"attachment-full size-full wp-image-435\" alt=\"\" loading=\"lazy\" srcset=\"https:\/\/marketing.fazzcol.com\/beatriz-cifuente\/wp-content\/uploads\/sites\/181\/2022\/10\/Diseno-sin-titulo-9.png 700w, https:\/\/marketing.fazzcol.com\/beatriz-cifuente\/wp-content\/uploads\/sites\/181\/2022\/10\/Diseno-sin-titulo-9-300x210.png 300w\" sizes=\"(max-width: 700px) 100vw, 700px\" style=\"width:100%;height:69.86%;max-width:700px\" \/>\t\t\t\t\t\t\t\t\t\t\t\t\t\t\t<\/div>\n\t\t\t\t<\/div>\n\t\t\t\t<div class=\"elementor-element elementor-element-a4b8356 elementor-widget elementor-widget-text-editor\" data-id=\"a4b8356\" data-element_type=\"widget\" data-widget_type=\"text-editor.default\">\n\t\t\t\t<div class=\"elementor-widget-container\">\n\t\t\t\t\t\t\t<p style=\"text-align: center;\"><span style=\"color: #000000;\">Tutorial\u00a0 N\u00b0 5-6<\/span><\/p><p style=\"text-align: center;\"><span style=\"color: #000000;\">C\u00f3mo trabajar con nosotros\u00a0<\/span><\/p>\t\t\t\t\t\t<\/div>\n\t\t\t\t<\/div>\n\t\t\t\t\t<\/div>\n\t\t<\/div>\n\t\t\t\t\t\t\t<\/div>\n\t\t<\/section>\n\t\t\t\t<section class=\"elementor-section elementor-top-section elementor-element elementor-element-ba80a11 elementor-section-boxed elementor-section-height-default elementor-section-height-default\" data-id=\"ba80a11\" data-element_type=\"section\" data-settings=\"{&quot;background_background&quot;:&quot;slideshow&quot;,&quot;background_slideshow_gallery&quot;:[],&quot;background_slideshow_loop&quot;:&quot;yes&quot;,&quot;background_slideshow_slide_duration&quot;:5000,&quot;background_slideshow_slide_transition&quot;:&quot;fade&quot;,&quot;background_slideshow_transition_duration&quot;:500}\">\n\t\t\t\t\t\t<div class=\"elementor-container elementor-column-gap-default\">\n\t\t\t\t\t<div class=\"elementor-column elementor-col-100 elementor-top-column elementor-element elementor-element-daabb68\" data-id=\"daabb68\" data-element_type=\"column\">\n\t\t\t<div class=\"elementor-widget-wrap elementor-element-populated\">\n\t\t\t\t\t\t\t\t<div class=\"elementor-element elementor-element-aceef59 elementor-widget elementor-widget-shortcode\" data-id=\"aceef59\" data-element_type=\"widget\" data-widget_type=\"shortcode.default\">\n\t\t\t\t<div class=\"elementor-widget-container\">\n\t\t\t\t\t<div class=\"elementor-shortcode\"><div\n\t\t\t\tid=\"hustle-embedded-id-3\"\n\t\t\t\tclass=\"hustle-ui hustle-inline hustle-palette--gray_slate hustle_module_id_3 module_id_3  \"\n\t\t\t\t\n\t\t\tdata-id=\"3\"\n\t\t\tdata-render-id=\"0\"\n\t\t\tdata-tracking=\"enabled\"\n\t\t\t\n\t\t\t\tdata-intro=\"no_animation\"\n\t\t\t\tdata-sub-type=\"shortcode\"\n\t\t\t\t\n\t\t\t\tstyle=\"opacity: 0;\"\n\t\t\t><div class=\"hustle-inline-content\"><div class=\"hustle-optin hustle-optin--focus-content\"><div class=\"hustle-success\" data-close-delay=\"false\" style=\"display: none;\"><span class=\"hustle-icon-check\" aria-hidden=\"true\"><\/span><div class=\"hustle-success-content\"><\/div><\/div><div class=\"hustle-layout\"><div class=\"hustle-main-wrapper\"><div class=\"hustle-layout-body\"><div class=\"hustle-layout-content\"><div class=\"hustle-content\"><div class=\"hustle-content-wrap\"><div class=\"hustle-group-title\"><span class=\"hustle-title\">Negocios  digitales <\/span><span class=\"hustle-subtitle\">Soluciones Digitales <\/span><\/div><div class=\"hustle-group-content\"><h3>\"No esperes m\u00e1s para lograr el \u00e9xito en l\u00ednea. \u00a1\u00danete a ClickConvertPro y obt\u00e9n la ventaja que necesitas para lograr tus objetivos de negocio!\"<\/h3>\n<\/div><\/div><\/div><\/div><div class=\"hustle-layout-sidebar\"><div class=\"hustle-image hustle-image-fit--contain\" aria-hidden=\"true\"><img src=\"http:\/\/marketing.fazzcol.com\/wp-content\/uploads\/2022\/10\/curso-GRATIS-min.png\" alt=\"\" class=\"hustle-image-position--centercenter\" \/><\/div><form class=\"hustle-layout-form\" novalidate=\"novalidate\"><div class=\"hustle-form\"><div class=\"hustle-form-fields hustle-proximity-separated\"><div class=\"hustle-field \"><label for=\"hustle-field-name-module-3\" id=\"hustle-field-name-module-3-label\" class=\"hustle-screen-reader\">Nombre<\/label><input id=\"hustle-field-name-module-3\" type=\"name\" class=\"hustle-input \" name=\"name\" value=\"\" aria-labelledby=\"hustle-field-name-module-3-label\" data-validate=\"\" \/><span class=\"hustle-input-label\" aria-hidden=\"true\" style=\"flex-flow: row nowrap;\"><span>Nombre<\/span><\/span><\/div><div class=\"hustle-field hustle-field-required \"><label for=\"hustle-field-email-module-3\" id=\"hustle-field-email-module-3-label\" class=\"hustle-screen-reader\">Email<\/label><input id=\"hustle-field-email-module-3\" type=\"email\" class=\"hustle-input \" name=\"email\" value=\"\" aria-labelledby=\"hustle-field-email-module-3-label\" data-validate=\"1\" data-required-error=\"Email field is required.\" data-validation-error=\"Please enter a valid email.\" \/><span class=\"hustle-input-label\" aria-hidden=\"true\" style=\"flex-flow: row nowrap;\"><span>Escribe tu correo<\/span><\/span><\/div><button class=\"hustle-button hustle-button-submit \" aria-live=\"polite\" data-loading-text=\"Form is being submitted, please wait a bit.\"><span class=\"hustle-button-text\">Env\u00eda y revisa tu correo<\/span><span class=\"hustle-icon-loader hustle-loading-icon\" aria-hidden=\"true\"><\/span><\/button><\/div><\/div><input type=\"hidden\" name=\"hustle_module_id\" value=\"3\"><input type=\"hidden\" name=\"post_id\" value=\"0\"><input type=\"hidden\" name=\"hustle_sub_type\" value=\"shortcode\"><div class=\"hustle-error-message\" style=\"display: none;\" data-default-error=\"Something went wrong, please try again.\"><\/div><\/form><\/div><\/div><\/div><\/div><\/div><\/div><\/div><\/div>\n\t\t\t\t<\/div>\n\t\t\t\t<\/div>\n\t\t\t\t\t<\/div>\n\t\t<\/div>\n\t\t\t\t\t\t\t<\/div>\n\t\t<\/section>\n\t\t\t\t<section class=\"elementor-section elementor-top-section elementor-element elementor-element-bfef2c8 elementor-section-boxed elementor-section-height-default elementor-section-height-default\" data-id=\"bfef2c8\" data-element_type=\"section\">\n\t\t\t\t\t\t<div class=\"elementor-container elementor-column-gap-default\">\n\t\t\t\t\t<div class=\"elementor-column elementor-col-100 elementor-top-column elementor-element elementor-element-d9dfbc2\" data-id=\"d9dfbc2\" data-element_type=\"column\">\n\t\t\t<div class=\"elementor-widget-wrap\">\n\t\t\t\t\t\t\t\t\t<\/div>\n\t\t<\/div>\n\t\t\t\t\t\t\t<\/div>\n\t\t<\/section>\n\t\t\t\t\t\t\t<\/div>\n\t\t","protected":false},"excerpt":{"rendered":"<p>Deseas montar un negocio sin riesgos y muchos beneficios&#8230; atento a lo siguiente&#8230; \u00a0 \u00a0 \u00a0 \u00a0 \u00a0 Tutorial N\u00b0 1 \u00bfQu\u00e9 pasa con tu dinero? Tutorial\u00a0 N\u00b02 Trabajar desde casa\u00a0 Tutotorial N\u00b03-4 Legalidad\u00a0 Tutorial\u00a0 N\u00b0 5-6 C\u00f3mo trabajar con nosotros\u00a0<\/p>\n","protected":false},"author":1,"featured_media":0,"parent":0,"menu_order":0,"comment_status":"closed","ping_status":"closed","template":"elementor_canvas","meta":[],"_links":{"self":[{"href":"https:\/\/marketing.fazzcol.com\/beatriz-cifuente\/wp-json\/wp\/v2\/pages\/236"}],"collection":[{"href":"https:\/\/marketing.fazzcol.com\/beatriz-cifuente\/wp-json\/wp\/v2\/pages"}],"about":[{"href":"https:\/\/marketing.fazzcol.com\/beatriz-cifuente\/wp-json\/wp\/v2\/types\/page"}],"author":[{"embeddable":true,"href":"https:\/\/marketing.fazzcol.com\/beatriz-cifuente\/wp-json\/wp\/v2\/users\/1"}],"replies":[{"embeddable":true,"href":"https:\/\/marketing.fazzcol.com\/beatriz-cifuente\/wp-json\/wp\/v2\/comments?post=236"}],"version-history":[{"count":0,"href":"https:\/\/marketing.fazzcol.com\/beatriz-cifuente\/wp-json\/wp\/v2\/pages\/236\/revisions"}],"wp:attachment":[{"href":"https:\/\/marketing.fazzcol.com\/beatriz-cifuente\/wp-json\/wp\/v2\/media?parent=236"}],"curies":[{"name":"wp","href":"https:\/\/api.w.org\/{rel}","templated":true}]}}